{"id":77,"date":"2022-04-02T11:52:39","date_gmt":"2022-04-02T09:52:39","guid":{"rendered":"http:\/\/www.2ar-risk.com\/?page_id=77"},"modified":"2022-04-02T11:52:39","modified_gmt":"2022-04-02T09:52:39","slug":"risk-management","status":"publish","type":"page","link":"https:\/\/www.2ar-risk.com\/index.php\/risk-management\/","title":{"rendered":"Risk Management"},"content":{"rendered":"\n<p>Il s\u2019agit de la mise en \u0153uvre d\u2019une politique pro-active des risques visant \u00e0 les anticiper, les contr\u00f4ler, les \u00e9viter voir les supprimer.<\/p>\n\n\n\n<p><strong>Who<\/strong>&nbsp;: Dirigeants, administrateurs de l\u2019entit\u00e9<\/p>\n\n\n\n<p>La d\u00e9marche doit \u00eatre insuffl\u00e9e par la Direction et int\u00e9grer les parties-prenantes de l\u2019entreprise d\u2019autant que depuis quelques ann\u00e9es les administrateurs sont devenus responsables de la politique de gestion des risques.<\/p>\n\n\n\n<p><strong>When<\/strong>&nbsp;: \u00e0 tout moment<\/p>\n\n\n\n<p>La d\u00e9marche peut \u00eatre lanc\u00e9e \u00e0 tout moment dans la vie de l\u2019entreprise et notamment&nbsp;:<\/p>\n\n\n\n<ul><li>Pour pr\u00e9parer des d\u00e9cisions strat\u00e9giques<\/li><li>Pour r\u00e9pondre \u00e0 des probl\u00e9matiques op\u00e9rationnelles<\/li><\/ul>\n\n\n\n<p><strong>Where&nbsp;<\/strong>:<\/p>\n\n\n\n<p>Au sein de l\u2019entreprise<\/p>\n\n\n\n<p>Toute la d\u00e9marche vise \u00e0 faire acqu\u00e9rir \u00e0 l\u2019entit\u00e9 une culture de la gestion du risque qui se diffuse de haut en bas mais \u00e9galement du bas en haut afin d\u2019am\u00e9liorer aussi bien le fonctionnement courant que la prose de d\u00e9cision strat\u00e9gique ou op\u00e9rationnelle.<\/p>\n\n\n\n<p><strong>How<\/strong>&nbsp;: par le risk management<\/p>\n\n\n\n<p>Le Risque Manager effectue l\u2019audit et l\u2019analyse de la situation avec le concours de tous pour ainsi faire adh\u00e9rer l\u2019ensemble des parties-prenantes \u00e0 la d\u00e9marche.<\/p>\n\n\n\n<p><strong>Why&nbsp;<\/strong>: renforcer la p\u00e9rennit\u00e9<\/p>\n\n\n\n<p>La politique de management des risques \u00e0 pour but de donner des moyens suppl\u00e9mentaires aux dirigeants et actionnaires pour renforcer l\u2019entreprise , consolider sa p\u00e9rennit\u00e9 et mieux prot\u00e9ger ses actifs.<\/p>\n\n\n\n<p>Elle permet \u00e9galement de d\u00e9couvrir de nouvelles opportunit\u00e9s.<\/p>\n","protected":false},"excerpt":{"rendered":"<p>Il s\u2019agit de la mise en \u0153uvre d\u2019une politique pro-active des risques visant \u00e0 les anticiper, les contr\u00f4ler, les \u00e9viter voir les supprimer. Who&nbsp;: Dirigeants, administrateurs de l\u2019entit\u00e9 La d\u00e9marche doit \u00eatre insuffl\u00e9e par la Direction et int\u00e9grer les parties-prenantes de l\u2019entreprise d\u2019autant que depuis quelques ann\u00e9es les administrateurs sont devenus responsables de la politique [&hellip;]<\/p>\n","protected":false},"author":1,"featured_media":0,"parent":0,"menu_order":0,"comment_status":"closed","ping_status":"closed","template":"","meta":[],"_links":{"self":[{"href":"https:\/\/www.2ar-risk.com\/index.php\/wp-json\/wp\/v2\/pages\/77"}],"collection":[{"href":"https:\/\/www.2ar-risk.com\/index.php\/wp-json\/wp\/v2\/pages"}],"about":[{"href":"https:\/\/www.2ar-risk.com\/index.php\/wp-json\/wp\/v2\/types\/page"}],"author":[{"embeddable":true,"href":"https:\/\/www.2ar-risk.com\/index.php\/wp-json\/wp\/v2\/users\/1"}],"replies":[{"embeddable":true,"href":"https:\/\/www.2ar-risk.com\/index.php\/wp-json\/wp\/v2\/comments?post=77"}],"version-history":[{"count":1,"href":"https:\/\/www.2ar-risk.com\/index.php\/wp-json\/wp\/v2\/pages\/77\/revisions"}],"predecessor-version":[{"id":78,"href":"https:\/\/www.2ar-risk.com\/index.php\/wp-json\/wp\/v2\/pages\/77\/revisions\/78"}],"wp:attachment":[{"href":"https:\/\/www.2ar-risk.com\/index.php\/wp-json\/wp\/v2\/media?parent=77"}],"curies":[{"name":"wp","href":"https:\/\/api.w.org\/{rel}","templated":true}]}}